{"id":735,"date":"2020-04-27T09:45:52","date_gmt":"2020-04-27T06:45:52","guid":{"rendered":"https:\/\/teollisuustyokalut.fi\/etusivu\/"},"modified":"2021-11-15T15:48:54","modified_gmt":"2021-11-15T13:48:54","slug":"etusivu","status":"publish","type":"page","link":"https:\/\/teollisuustyokalut.fi\/sv\/","title":{"rendered":"Start"},"content":{"rendered":"<p>[et_pb_section fb_built=&#8221;1&#8243; _builder_version=&#8221;4.13.1&#8243; background_color_gradient_direction=&#8221;90deg&#8221; background_image=&#8221;https:\/\/teollisuustyokalut.fi\/wp-content\/uploads\/2021\/11\/ST-nettikokoiset-5.jpg.jpg&#8221; background_position=&#8221;bottom_left&#8221; height=&#8221;100vh&#8221; custom_padding=&#8221;0px|0px|0px|0px|true|false&#8221; hover_enabled=&#8221;0&#8243; border_width_bottom=&#8221;6px&#8221; border_color_bottom=&#8221;#ffec33&#8243; global_colors_info=&#8221;{}&#8221; use_background_color_gradient=&#8221;on&#8221; background_color_gradient_start=&#8221;rgba(0,0,0,0.81)&#8221; background_color_gradient_end=&#8221;rgba(0,0,0,0.74)&#8221; background_color_gradient_overlays_image=&#8221;on&#8221; sticky_enabled=&#8221;0&#8243;][et_pb_row _builder_version=&#8221;4.13.1&#8243; width=&#8221;100%&#8221; max_width=&#8221;1014px&#8221; custom_margin=&#8221;|||&#8221; custom_padding=&#8221;0||0||true|false&#8221; use_custom_width=&#8221;on&#8221; width_unit=&#8221;off&#8221; custom_width_percent=&#8221;100%&#8221; global_colors_info=&#8221;{}&#8221;][et_pb_column type=&#8221;4_4&#8243; _builder_version=&#8221;3.25&#8243; custom_padding=&#8221;|||&#8221; global_colors_info=&#8221;{}&#8221; custom_padding__hover=&#8221;|||&#8221;][et_pb_text admin_label=&#8221;Aloituskuvan otsikko&#8221; _builder_version=&#8221;4.13.1&#8243; text_font=&#8221;||||||||&#8221; header_font=&#8221;|800|||||||&#8221; header_text_color=&#8221;#FFFFFF&#8221; header_font_size=&#8221;48px&#8221; custom_margin=&#8221;37vh|4vh||||&#8221; custom_padding=&#8221;|||&#8221; hover_enabled=&#8221;0&#8243; header_font_size_tablet=&#8221;36px&#8221; header_font_size_phone=&#8221;24px&#8221; header_font_size_last_edited=&#8221;on|desktop&#8221; global_colors_info=&#8221;{}&#8221; sticky_enabled=&#8221;0&#8243;]<\/p>\n<h1>Verktyg med h\u00f6gt st\u00e4llda kvalitetskrav med v\u00e4ldigt f\u00f6rm\u00e5nliga priser och gener\u00f6sa garantivillkor<\/h1>\n<p>[\/et_pb_text][et_pb_button button_url=&#8221;tel:0207303000&#8243; button_text=&#8221;Ring 0207 30 3000 f\u00f6r mer information&#8221; button_alignment=&#8221;left&#8221; admin_label=&#8221;soita ja kysy lis\u00e4\u00e4 -painike&#8221; _builder_version=&#8221;4.4.4&#8243; custom_button=&#8221;on&#8221; button_text_size=&#8221;20px&#8221; button_text_color=&#8221;#ffffff&#8221; button_bg_color=&#8221;#e02b20&#8243; button_border_width=&#8221;10px&#8221; button_border_color=&#8221;#e02b20&#8243; button_border_radius=&#8221;0px&#8221; button_letter_spacing=&#8221;-1px&#8221; button_font=&#8221;Muli|700|||||||&#8221; button_use_icon=&#8221;off&#8221; custom_margin=&#8221;0px|||&#8221; button_text_color_hover=&#8221;#ffffff&#8221; button_border_color_hover=&#8221;#31393c&#8221; button_border_radius_hover=&#8221;0px&#8221; button_letter_spacing_hover=&#8221;-1px&#8221; button_bg_color_hover=&#8221;#31393c&#8221; global_colors_info=&#8221;{}&#8221; button_text_size__hover_enabled=&#8221;off&#8221; button_one_text_size__hover_enabled=&#8221;off&#8221; button_two_text_size__hover_enabled=&#8221;off&#8221; button_text_color__hover_enabled=&#8221;on&#8221; button_text_color__hover=&#8221;#ffffff&#8221; button_one_text_color__hover_enabled=&#8221;off&#8221; button_two_text_color__hover_enabled=&#8221;off&#8221; button_border_width__hover_enabled=&#8221;off&#8221; button_one_border_width__hover_enabled=&#8221;off&#8221; button_two_border_width__hover_enabled=&#8221;off&#8221; button_border_color__hover_enabled=&#8221;on&#8221; button_border_color__hover=&#8221;#31393c&#8221; button_one_border_color__hover_enabled=&#8221;off&#8221; button_two_border_color__hover_enabled=&#8221;off&#8221; button_border_radius__hover_enabled=&#8221;on&#8221; button_border_radius__hover=&#8221;0px&#8221; button_one_border_radius__hover_enabled=&#8221;off&#8221; button_two_border_radius__hover_enabled=&#8221;off&#8221; button_letter_spacing__hover_enabled=&#8221;on&#8221; button_letter_spacing__hover=&#8221;-1px&#8221; button_one_letter_spacing__hover_enabled=&#8221;off&#8221; button_two_letter_spacing__hover_enabled=&#8221;off&#8221; button_bg_color__hover_enabled=&#8221;on&#8221; button_bg_color__hover=&#8221;#31393c&#8221; button_one_bg_color__hover_enabled=&#8221;off&#8221; button_two_bg_color__hover_enabled=&#8221;off&#8221;][\/et_pb_button][\/et_pb_column][\/et_pb_row][\/et_pb_section][et_pb_section fb_built=&#8221;1&#8243; specialty=&#8221;on&#8221; module_class=&#8221; et_pb_specialty_fullwidth&#8221; _builder_version=&#8221;4.13.1&#8243; inner_width=&#8221;89%&#8221; inner_width_tablet=&#8221;80%&#8221; inner_width_phone=&#8221;&#8221; inner_width_last_edited=&#8221;on|desktop&#8221; inner_max_width=&#8221;89%&#8221; inner_max_width_tablet=&#8221;80%&#8221; inner_max_width_phone=&#8221;&#8221; inner_max_width_last_edited=&#8221;on|desktop&#8221; hover_enabled=&#8221;0&#8243; make_fullwidth=&#8221;on&#8221; global_colors_info=&#8221;{}&#8221; custom_margin=&#8221;|10vh|||false|false&#8221; sticky_enabled=&#8221;0&#8243; max_width=&#8221;73%&#8221; module_alignment=&#8221;center&#8221;][et_pb_column type=&#8221;2_3&#8243; specialty_columns=&#8221;2&#8243; _builder_version=&#8221;3.25&#8243; custom_padding=&#8221;|||&#8221; global_colors_info=&#8221;{}&#8221; custom_padding__hover=&#8221;|||&#8221;][et_pb_row_inner _builder_version=&#8221;4.13.1&#8243; hover_enabled=&#8221;0&#8243; global_colors_info=&#8221;{}&#8221; max_width=&#8221;790px&#8221; sticky_enabled=&#8221;0&#8243; module_alignment=&#8221;center&#8221;][et_pb_column_inner saved_specialty_column_type=&#8221;2_3&#8243; _builder_version=&#8221;3.25&#8243; custom_padding=&#8221;|||&#8221; global_colors_info=&#8221;{}&#8221; custom_padding__hover=&#8221;|||&#8221;][et_pb_text admin_label=&#8221;Suomen Teollisuusty\u00f6kalut Oy&#8221; _builder_version=&#8221;4.13.1&#8243; header_font=&#8221;|800|||||||&#8221; header_text_color=&#8221;#e02b20&#8243; header_font_size=&#8221;36px&#8221; custom_margin=&#8221;||10px|&#8221; custom_padding=&#8221;||0px|&#8221; hover_enabled=&#8221;0&#8243; global_colors_info=&#8221;{}&#8221; sticky_enabled=&#8221;0&#8243;]<\/p>\n<h1 style=\"text-align: left;\">Suomen Teollisuusty\u00f6kalut Oy tar verktygsbutiken till Dig<\/h1>\n<p>[\/et_pb_text][et_pb_text admin_label=&#8221;aloitusteksti&#8221; _builder_version=&#8221;4.13.1&#8243; header_font=&#8221;Muli||||||||&#8221; header_font_size=&#8221;24px&#8221; header_line_height=&#8221;1.3em&#8221; hover_enabled=&#8221;0&#8243; global_colors_info=&#8221;{}&#8221; text_font_size=&#8221;18px&#8221; sticky_enabled=&#8221;0&#8243;]<\/p>\n<p>Precis s\u00e5 enkelt som det l\u00e5ter \u00e4r det. IDG-Tools bes\u00f6ker Er med en rullande verktygsbutik s\u00e5 slipper Ni \u00e4gna tid \u00e5t att \u00e5ka till butiker. Varorna kommer bekv\u00e4mt levererade till Er d\u00f6rr inom 4-5 arbetsdagar s\u00e5 ni kan \u00e4gna er \u00e5t er verksamhet. L\u00e4tt, billigt och fantastikt!<\/p>\n<p>[\/et_pb_text][\/et_pb_column_inner][\/et_pb_row_inner][et_pb_row_inner column_structure=&#8221;1_2,1_2&#8243; _builder_version=&#8221;4.13.1&#8243; hover_enabled=&#8221;0&#8243; global_colors_info=&#8221;{}&#8221; max_width=&#8221;809px&#8221; module_alignment=&#8221;center&#8221; sticky_enabled=&#8221;0&#8243;][et_pb_column_inner type=&#8221;1_2&#8243; saved_specialty_column_type=&#8221;2_3&#8243; _builder_version=&#8221;3.25&#8243; custom_padding=&#8221;|||&#8221; global_colors_info=&#8221;{}&#8221; custom_padding__hover=&#8221;|||&#8221;][et_pb_image src=&#8221;https:\/\/teollisuustyokalut.fi\/wp-content\/uploads\/2018\/06\/V-skap_Prod.jpg&#8221; align_tablet=&#8221;center&#8221; align_phone=&#8221;&#8221; align_last_edited=&#8221;on|desktop&#8221; _builder_version=&#8221;3.23&#8243; global_colors_info=&#8221;{}&#8221;][\/et_pb_image][\/et_pb_column_inner][et_pb_column_inner type=&#8221;1_2&#8243; saved_specialty_column_type=&#8221;2_3&#8243; _builder_version=&#8221;3.25&#8243; custom_padding=&#8221;|||&#8221; global_colors_info=&#8221;{}&#8221; custom_padding__hover=&#8221;|||&#8221;][et_pb_button button_url=&#8221;\/sv\/kontakta-oss-garna&#8221; button_text=&#8221;Hitta din n\u00e4rmaste s\u00e4ljare&#8221; button_alignment=&#8221;left&#8221; admin_label=&#8221;l\u00f6yd\u00e4 oman alueesi edustaja -painike&#8221; _builder_version=&#8221;4.4.4&#8243; custom_button=&#8221;on&#8221; button_text_size=&#8221;20px&#8221; button_text_color=&#8221;#ffffff&#8221; button_bg_color=&#8221;#e02b20&#8243; button_border_width=&#8221;10px&#8221; button_border_color=&#8221;#e02b20&#8243; button_border_radius=&#8221;0px&#8221; button_letter_spacing=&#8221;-1px&#8221; button_font=&#8221;Muli|700|||||||&#8221; button_use_icon=&#8221;off&#8221; custom_margin=&#8221;93px|||||&#8221; button_text_color_hover=&#8221;#ffffff&#8221; button_border_color_hover=&#8221;#31393c&#8221; button_border_radius_hover=&#8221;0px&#8221; button_letter_spacing_hover=&#8221;-1px&#8221; button_bg_color_hover=&#8221;#31393c&#8221; global_colors_info=&#8221;{}&#8221; button_text_size__hover_enabled=&#8221;off&#8221; button_one_text_size__hover_enabled=&#8221;off&#8221; button_two_text_size__hover_enabled=&#8221;off&#8221; button_text_color__hover_enabled=&#8221;on&#8221; button_text_color__hover=&#8221;#ffffff&#8221; button_one_text_color__hover_enabled=&#8221;off&#8221; button_two_text_color__hover_enabled=&#8221;off&#8221; button_border_width__hover_enabled=&#8221;off&#8221; button_one_border_width__hover_enabled=&#8221;off&#8221; button_two_border_width__hover_enabled=&#8221;off&#8221; button_border_color__hover_enabled=&#8221;on&#8221; button_border_color__hover=&#8221;#31393c&#8221; button_one_border_color__hover_enabled=&#8221;off&#8221; button_two_border_color__hover_enabled=&#8221;off&#8221; button_border_radius__hover_enabled=&#8221;on&#8221; button_border_radius__hover=&#8221;0px&#8221; button_one_border_radius__hover_enabled=&#8221;off&#8221; button_two_border_radius__hover_enabled=&#8221;off&#8221; button_letter_spacing__hover_enabled=&#8221;on&#8221; button_letter_spacing__hover=&#8221;-1px&#8221; button_one_letter_spacing__hover_enabled=&#8221;off&#8221; button_two_letter_spacing__hover_enabled=&#8221;off&#8221; button_bg_color__hover_enabled=&#8221;on&#8221; button_bg_color__hover=&#8221;#31393c&#8221; button_one_bg_color__hover_enabled=&#8221;off&#8221; button_two_bg_color__hover_enabled=&#8221;off&#8221;][\/et_pb_button][\/et_pb_column_inner][\/et_pb_row_inner][\/et_pb_column][et_pb_column type=&#8221;1_3&#8243; _builder_version=&#8221;3.25&#8243; custom_padding=&#8221;|||&#8221; global_colors_info=&#8221;{}&#8221; custom_padding__hover=&#8221;|||&#8221;][et_pb_image src=&#8221;https:\/\/teollisuustyokalut.fi\/wp-content\/uploads\/2021\/11\/IMG-20211025-WA0001.jpg&#8221; _builder_version=&#8221;4.13.1&#8243; _module_preset=&#8221;default&#8221; title_text=&#8221;IMG-20211025-WA0001&#8243; hover_enabled=&#8221;0&#8243; sticky_enabled=&#8221;0&#8243;][\/et_pb_image][\/et_pb_column][\/et_pb_section][et_pb_section fb_built=&#8221;1&#8243; _builder_version=&#8221;4.13.1&#8243; background_image=&#8221;https:\/\/teollisuustyokalut.fi\/wp-content\/uploads\/2018\/06\/Jubilee-vaunu_20_vuotta_1920.jpg&#8221; parallax=&#8221;on&#8221; parallax_method=&#8221;off&#8221; custom_padding=&#8221;0px||0px|&#8221; hover_enabled=&#8221;0&#8243; global_colors_info=&#8221;{}&#8221; module_class=&#8221;gradient-overlay&#8221; sticky_enabled=&#8221;0&#8243; background_enable_color=&#8221;off&#8221; use_background_color_gradient=&#8221;on&#8221; background_color_gradient_start=&#8221;rgba(0,0,0,0.84)&#8221; background_color_gradient_end=&#8221;rgba(0,0,0,0.84)&#8221; background_color_gradient_overlays_image=&#8221;on&#8221;][et_pb_row use_custom_gutter=&#8221;on&#8221; gutter_width=&#8221;1&#8243; module_class=&#8221; et_pb_row_fullwidth&#8221; _builder_version=&#8221;4.13.1&#8243; width_tablet=&#8221;100%&#8221; width_phone=&#8221;&#8221; width_last_edited=&#8221;on|desktop&#8221; max_width=&#8221;1084px&#8221; max_width_tablet=&#8221;100%&#8221; max_width_phone=&#8221;&#8221; max_width_last_edited=&#8221;on|desktop&#8221; custom_padding=&#8221;6.5%||6.5%||true|&#8221; hover_enabled=&#8221;0&#8243; make_fullwidth=&#8221;on&#8221; global_colors_info=&#8221;{}&#8221; sticky_enabled=&#8221;0&#8243; background_enable_color=&#8221;off&#8221;][et_pb_column type=&#8221;4_4&#8243; _builder_version=&#8221;3.25&#8243; custom_padding=&#8221;|||&#8221; global_colors_info=&#8221;{}&#8221; custom_padding__hover=&#8221;|||&#8221;][et_pb_text admin_label=&#8221;Miksi kannattaa ostaa ty\u00f6kalut meilt\u00e4?&#8221; _builder_version=&#8221;4.13.1&#8243; text_text_color=&#8221;#ffffff&#8221; header_font=&#8221;|800|||||||&#8221; header_text_color=&#8221;#ffffff&#8221; header_font_size=&#8221;42px&#8221; header_2_font=&#8221;|700|||||||&#8221; header_2_text_color=&#8221;#ffffff&#8221; header_2_font_size=&#8221;42px&#8221; header_2_line_height=&#8221;1.7em&#8221; hover_enabled=&#8221;0&#8243; global_colors_info=&#8221;{}&#8221; text_font_size=&#8221;19px&#8221; sticky_enabled=&#8221;0&#8243;]<\/p>\n<h2>Varf\u00f6r ska Du v\u00e4lja IDG-Tools?<\/h2>\n<p>&nbsp;<\/p>\n<p><i class=\"fas fa-wrench\"><\/i> <strong>Bra<\/strong> priser tack vare stora ink\u00f6p. IDG-Tools som f\u00f6retagsgrupp oms\u00e4tter drygt 250 miljoner \u00e5rligen g\u00e4llande handverktyg och maskiner.<\/p>\n<p><i class=\"fas fa-wrench\"><\/i> H\u00f6gt st\u00e4llda <strong>kvalitetskrav<\/strong>. Alla v\u00e5ra handverktyg uppfyller minst Tysklands standard DIN och\/eller Amerikas ANSI krav.<\/p>\n<p><i class=\"fas fa-wrench\"><\/i> <strong>Tidsbesparing<\/strong> och produkttester p\u00e5 \u201dhemmaplan\u201d. Vi kommer till er arbetsplats.<\/p>\n<p><i class=\"fas fa-wrench\"><\/i> <strong>Brett sortiment<\/strong> som g\u00f6r oss till en m\u00f6jlig totalleverant\u00f6r av verktyg och maskiner.<\/p>\n<p><i class=\"fas fa-wrench\"><\/i> <strong>Europas h\u00f6gsta leveranskapacitet!<\/strong> Minst 99.20 % finns alltid p\u00e5 lagret.<\/p>\n<p><i class=\"fas fa-wrench\"><\/i> <strong>Snabba leveranser till v\u00e4ldigt f\u00f6rm\u00e5nliga priser<\/strong><\/p>\n<p><i class=\"fas fa-wrench\"><\/i> <strong>Gener\u00f6sa garantivillkor<\/strong>. De flesta av v\u00e5ra handverktyg s\u00e4ljs med full fabriksgaranti utan tidsbegr\u00e4nsning. Detta ger dig tryggheten att v\u00e4lja IDG-Tools som ditt f\u00f6rstahandsalternativ g\u00e4llande verktyg och maskiner.<\/p>\n<p>[\/et_pb_text][\/et_pb_column][\/et_pb_row][\/et_pb_section][et_pb_section fb_built=&#8221;1&#8243; _builder_version=&#8221;3.22&#8243; background_color=&#8221;#31393c&#8221; custom_padding=&#8221;4%||4.6%||false|&#8221; border_width_top=&#8221;6px&#8221; border_color_top=&#8221;#ffec33&#8243; global_module=&#8221;742&#8243; saved_tabs=&#8221;all&#8221; global_colors_info=&#8221;{}&#8221;][et_pb_row column_structure=&#8221;1_3,1_3,1_3&#8243; _builder_version=&#8221;3.25&#8243; width=&#8221;63%&#8221; max_width=&#8221;63%&#8221; custom_padding=&#8221;27px|0px|0|0px|false|false&#8221; use_custom_width=&#8221;on&#8221; width_unit=&#8221;off&#8221; custom_width_percent=&#8221;63%&#8221; global_colors_info=&#8221;{}&#8221;][et_pb_column type=&#8221;1_3&#8243; _builder_version=&#8221;3.25&#8243; custom_padding=&#8221;|||&#8221; global_colors_info=&#8221;{}&#8221; custom_padding__hover=&#8221;|||&#8221;][et_pb_image src=&#8221;https:\/\/teollisuustyokalut.fi\/wp-content\/uploads\/2018\/06\/IDG-Tools.png&#8221; _builder_version=&#8221;3.23&#8243; always_center_on_mobile=&#8221;off&#8221; global_colors_info=&#8221;{}&#8221;][\/et_pb_image][\/et_pb_column][et_pb_column type=&#8221;1_3&#8243; _builder_version=&#8221;3.25&#8243; custom_padding=&#8221;|||&#8221; global_colors_info=&#8221;{}&#8221; custom_padding__hover=&#8221;|||&#8221;][\/et_pb_column][et_pb_column type=&#8221;1_3&#8243; _builder_version=&#8221;3.25&#8243; custom_padding=&#8221;|||&#8221; global_colors_info=&#8221;{}&#8221; custom_padding__hover=&#8221;|||&#8221;][\/et_pb_column][\/et_pb_row][et_pb_row column_structure=&#8221;1_2,1_2&#8243; _builder_version=&#8221;4.13.1&#8243; width=&#8221;63%&#8221; max_width=&#8221;63%&#8221; hover_enabled=&#8221;0&#8243; use_custom_width=&#8221;on&#8221; width_unit=&#8221;off&#8221; custom_width_percent=&#8221;63%&#8221; global_colors_info=&#8221;{}&#8221; sticky_enabled=&#8221;0&#8243;][et_pb_column type=&#8221;1_2&#8243; _builder_version=&#8221;3.25&#8243; custom_padding=&#8221;|||&#8221; global_colors_info=&#8221;{}&#8221; custom_padding__hover=&#8221;|||&#8221;][et_pb_text admin_label=&#8221;yhteystiedot&#8221; _builder_version=&#8221;4.13.1&#8243; text_font=&#8221;Muli||||||||&#8221; text_text_color=&#8221;#ffffff&#8221; text_font_size=&#8221;18px&#8221; link_text_color=&#8221;#ffffff&#8221; link_font_size=&#8221;16px&#8221; header_font=&#8221;Muli||||||||&#8221; header_2_font=&#8221;Muli|900|||||||&#8221; header_2_text_color=&#8221;#ffffff&#8221; header_2_font_size=&#8221;28px&#8221; header_2_line_height=&#8221;1.1em&#8221; hover_enabled=&#8221;0&#8243; global_colors_info=&#8221;{}&#8221; sticky_enabled=&#8221;0&#8243;]<\/p>\n<h2>Suomen Teollisuusty\u00f6kalut Oy<\/h2>\n<p>Hallimestarinkatu 21<br \/>20780 KAARINA<\/p>\n<p>FO-nummer: 1087645-2<\/p>\n<p><a href=\"\/wp-content\/uploads\/2020\/04\/IDG_gdpr_swe.pdf\" rel=\"noppener noopener noreferrer\" target=\"blank\">Integritetspolicy<\/a><\/p>\n<p>[\/et_pb_text][\/et_pb_column][et_pb_column type=&#8221;1_2&#8243; _builder_version=&#8221;4.0.11&#8243; custom_padding=&#8221;|||&#8221; custom_css_main_element=&#8221;z-index: 0!important;&#8221; global_colors_info=&#8221;{}&#8221; custom_padding__hover=&#8221;|||&#8221;][et_pb_text admin_label=&#8221;yhteystiedot&#8221; _builder_version=&#8221;4.4.4&#8243; text_font=&#8221;Muli||||||||&#8221; text_text_color=&#8221;#ffffff&#8221; text_font_size=&#8221;18px&#8221; link_font=&#8221;||||||||&#8221; link_text_color=&#8221;#ffffff&#8221; header_font=&#8221;Muli||||||||&#8221; header_2_font=&#8221;Muli|900|||||||&#8221; header_2_text_color=&#8221;#ffffff&#8221; header_2_font_size=&#8221;28px&#8221; header_2_line_height=&#8221;1.1em&#8221; custom_css_main_element=&#8221;z-index: 0!important;&#8221; global_colors_info=&#8221;{}&#8221;]<\/p>\n<h2>Kundservice<\/h2>\n<p><a href=\"&#x6d;&#97;i&#x6c;&#116;o&#x3a;&#105;n&#x66;&#x6f;&#64;&#x74;&#x65;&#111;l&#x6c;&#105;s&#x75;&#117;s&#x74;&#x79;&#111;&#x6b;&#x61;&#108;u&#x74;&#46;f&#x69;\"><i class=\"fas fa-envelope\"><\/i> i&#110;&#x66;&#x6f;&#64;&#116;&#101;&#x6f;&#x6c;l&#105;&#115;&#x75;&#x75;s&#116;&#x79;&#x6f;&#x6b;a&#108;&#x75;&#x74;&#46;&#102;&#105;<\/a><\/p>\n<p><a href=\"tel:0207303000\"><i class=\"fas fa-phone fa-flip-horizontal\"><\/i> 0207 303000<\/a><br \/>\n<span style=\"font-size:12px; line-height: 1.0em;\">(kostnad: 8,35snt\/samtal+16,69snt\/min)<\/span><\/p>\n<p>[\/et_pb_text][et_pb_social_media_follow _builder_version=&#8221;4.4.4&#8243; custom_css_main_element=&#8221;z-index: 0!important;&#8221; global_colors_info=&#8221;{}&#8221;][et_pb_social_media_follow_network social_network=&#8221;facebook&#8221; url=&#8221;https:\/\/www.facebook.com\/suomenteollisuustyokalut\/&#8221; _builder_version=&#8221;3.5.1&#8243; background_color=&#8221;#3b5998&#8243; global_colors_info=&#8221;{}&#8221; follow_button=&#8221;off&#8221; url_new_window=&#8221;on&#8221;]facebook[\/et_pb_social_media_follow_network][et_pb_social_media_follow_network social_network=&#8221;instagram&#8221; url=&#8221;https:\/\/www.instagram.com\/suomenteollisuustyokalut\/&#8221; _builder_version=&#8221;3.5.1&#8243; background_color=&#8221;#ea2c59&#8243; global_colors_info=&#8221;{}&#8221; follow_button=&#8221;off&#8221; url_new_window=&#8221;on&#8221;]instagram[\/et_pb_social_media_follow_network][et_pb_social_media_follow_network social_network=&#8221;youtube&#8221; url=&#8221;https:\/\/www.youtube.com\/channel\/UC7Ym0XPf-67QiTSjkzM440w&#8221; _builder_version=&#8221;4.4.4&#8243; background_color=&#8221;#ff0000&#8243; background_enable_color=&#8221;on&#8221; global_colors_info=&#8221;{}&#8221; follow_button=&#8221;off&#8221; url_new_window=&#8221;on&#8221;]youtube[\/et_pb_social_media_follow_network][\/et_pb_social_media_follow][\/et_pb_column][\/et_pb_row][\/et_pb_section]<\/p>\n","protected":false},"excerpt":{"rendered":"<p>Verktyg med h\u00f6gt st\u00e4llda kvalitetskrav med v\u00e4ldigt f\u00f6rm\u00e5nliga priser och gener\u00f6sa garantivillkorSuomen Teollisuusty\u00f6kalut Oy tar verktygsbutiken till DigPrecis s\u00e5 enkelt som det l\u00e5ter \u00e4r det. IDG-Tools bes\u00f6ker Er med en rullande verktygsbutik s\u00e5 slipper Ni \u00e4gna tid \u00e5t att \u00e5ka till butiker. Varorna kommer bekv\u00e4mt levererade till Er d\u00f6rr inom 4-5 arbetsdagar s\u00e5 ni kan [&hellip;]<\/p>\n","protected":false},"author":1,"featured_media":0,"parent":0,"menu_order":0,"comment_status":"closed","ping_status":"closed","template":"","meta":{"_et_pb_use_builder":"on","_et_pb_old_content":"","_et_gb_content_width":"","footnotes":""},"class_list":["post-735","page","type-page","status-publish","hentry"],"_links":{"self":[{"href":"https:\/\/teollisuustyokalut.fi\/sv\/wp-json\/wp\/v2\/pages\/735","targetHints":{"allow":["GET"]}}],"collection":[{"href":"https:\/\/teollisuustyokalut.fi\/sv\/wp-json\/wp\/v2\/pages"}],"about":[{"href":"https:\/\/teollisuustyokalut.fi\/sv\/wp-json\/wp\/v2\/types\/page"}],"author":[{"embeddable":true,"href":"https:\/\/teollisuustyokalut.fi\/sv\/wp-json\/wp\/v2\/users\/1"}],"replies":[{"embeddable":true,"href":"https:\/\/teollisuustyokalut.fi\/sv\/wp-json\/wp\/v2\/comments?post=735"}],"version-history":[{"count":22,"href":"https:\/\/teollisuustyokalut.fi\/sv\/wp-json\/wp\/v2\/pages\/735\/revisions"}],"predecessor-version":[{"id":996,"href":"https:\/\/teollisuustyokalut.fi\/sv\/wp-json\/wp\/v2\/pages\/735\/revisions\/996"}],"wp:attachment":[{"href":"https:\/\/teollisuustyokalut.fi\/sv\/wp-json\/wp\/v2\/media?parent=735"}],"curies":[{"name":"wp","href":"https:\/\/api.w.org\/{rel}","templated":true}]}}