{"id":748,"date":"2020-04-27T10:02:03","date_gmt":"2020-04-27T07:02:03","guid":{"rendered":"https:\/\/teollisuustyokalut.fi\/?page_id=748"},"modified":"2021-11-16T08:48:58","modified_gmt":"2021-11-16T06:48:58","slug":"jobba-hos-oss","status":"publish","type":"page","link":"https:\/\/teollisuustyokalut.fi\/sv\/jobba-hos-oss\/","title":{"rendered":"Jobba hos oss"},"content":{"rendered":"<p>[et_pb_section fb_built=&#8221;1&#8243; _builder_version=&#8221;4.13.1&#8243; background_image=&#8221;https:\/\/teollisuustyokalut.fi\/wp-content\/uploads\/2021\/11\/ST-nettikokoiset-9.jpg.jpg&#8221; custom_padding=&#8221;11%||11%||true&#8221; hover_enabled=&#8221;0&#8243; border_width_bottom=&#8221;6px&#8221; border_color_bottom=&#8221;#ffec33&#8243; global_colors_info=&#8221;{}&#8221; title_text=&#8221;ST nettikokoiset-9.jpg&#8221; use_background_color_gradient=&#8221;on&#8221; background_color_gradient_start=&#8221;rgba(0,0,0,0.64)&#8221; background_color_gradient_end=&#8221;rgba(0,0,0,0.84)&#8221; background_color_gradient_overlays_image=&#8221;on&#8221; sticky_enabled=&#8221;0&#8243;][et_pb_row _builder_version=&#8221;4.13.1&#8243; custom_padding=&#8221;5%||5%||true&#8221; hover_enabled=&#8221;0&#8243; global_colors_info=&#8221;{}&#8221; background_enable_color=&#8221;off&#8221; sticky_enabled=&#8221;0&#8243;][et_pb_column type=&#8221;4_4&#8243; _builder_version=&#8221;3.25&#8243; custom_padding=&#8221;|||&#8221; global_colors_info=&#8221;{}&#8221; custom_padding__hover=&#8221;|||&#8221;][et_pb_text _builder_version=&#8221;4.13.1&#8243; header_font=&#8221;|800|||||||&#8221; header_text_align=&#8221;center&#8221; header_text_color=&#8221;#ffffff&#8221; header_font_size=&#8221;64px&#8221; hover_enabled=&#8221;0&#8243; header_text_shadow_style=&#8221;preset1&#8243; global_colors_info=&#8221;{}&#8221; sticky_enabled=&#8221;0&#8243;]<\/p>\n<h1>Jobba hos oss<\/h1>\n<p>[\/et_pb_text][\/et_pb_column][\/et_pb_row][\/et_pb_section][et_pb_section fb_built=&#8221;1&#8243; _builder_version=&#8221;3.22&#8243; background_color=&#8221;#eaeaea&#8221; custom_padding=&#8221;8.8%||8.8%||true|false&#8221; global_colors_info=&#8221;{}&#8221;][et_pb_row column_structure=&#8221;2_3,1_3&#8243; use_custom_gutter=&#8221;on&#8221; gutter_width=&#8221;1&#8243; make_equal=&#8221;on&#8221; padding_top_bottom_link_1=&#8221;true&#8221; padding_top_bottom_link_2=&#8221;true&#8221; padding_left_right_link_1=&#8221;true&#8221; padding_left_right_link_2=&#8221;true&#8221; _builder_version=&#8221;3.25&#8243; background_size=&#8221;initial&#8221; background_position=&#8221;top_left&#8221; background_repeat=&#8221;repeat&#8221; custom_padding=&#8221;0|0px|0|0px|false|false&#8221; border_radii=&#8221;|||3px|3px&#8221; box_shadow_style=&#8221;preset3&#8243; global_colors_info=&#8221;{}&#8221;][et_pb_column type=&#8221;2_3&#8243; _builder_version=&#8221;3.25&#8243; background_color=&#8221;#ffffff&#8221; custom_padding=&#8221;1rem|1rem|1rem|1rem&#8221; global_colors_info=&#8221;{}&#8221; custom_padding__hover=&#8221;|||&#8221;][et_pb_text _builder_version=&#8221;4.13.1&#8243; text_font=&#8221;Muli||||||||&#8221; text_font_size=&#8221;18px&#8221; header_font=&#8221;|700|||||||&#8221; header_font_size=&#8221;32px&#8221; custom_margin=&#8221;|||&#8221; custom_padding=&#8221;30px|30px|30px|30px|true|true&#8221; hover_enabled=&#8221;0&#8243; global_colors_info=&#8221;{}&#8221; header_2_font=&#8221;|700|||||||&#8221; header_2_font_size=&#8221;30px&#8221; sticky_enabled=&#8221;0&#8243;]<\/p>\n<h2>S\u00e4ljare<\/h2>\n<p><strong>Jobbeskrivning:<\/strong><\/p>\n<p>Din uppgift som s\u00e4ljare \u00e4r att bes\u00f6ka v\u00e5ra kunder och erbjuda dem l\u00f6sningar och aktivt s\u00f6ka nya kunder. Att uppr\u00e4tth\u00e5lla befintliga kundrelationer \u00e4r en viktig del av jobbet. Du bes\u00f6ker slutkunden med v\u00e5r unika demonstrationsbil och visar v\u00e5ra produkter. Kunden f\u00e5r se, prova, k\u00e4nna och v\u00e4lja den produkt som passar honom och\/eller henne b\u00e4st. Vi har ett brett och innovativt produktsortiment \u00e5t yrkesanv\u00e4ndaren och ett av marknadens effektivaste s\u00e4tt att k\u00f6pa verktyg och maskiner. Med snabba leveranser och utm\u00e4rkt logistik, levereras produkterna fr\u00e5n centrallagret i Rosersberg till kund i Finland, inom fyra dagar. Ditt s\u00e4ljdistrikt utg\u00e5r fr\u00e5n din hemort.<\/p>\n<p><strong>Om oss:<\/strong><\/p>\n<p>Suomen Teollisuusty\u00f6kalut Oy Ab startades h\u00f6sten 1997. F\u00f6retaget \u00e4r starkt och vi v\u00e4xer fortfarande. Idag finns Industriverktyg i Sverige, Finland, Norge och Polen och har ca 100 s\u00e4ljare, alla s\u00e4ljare \u00e4r utrustade med utst\u00e4llningsbussar. Logistikcentrum f\u00f6r alla l\u00e4nder ligger i Rosersberg n\u00e4ra Arlanda flygplats. V\u00e5ra kunder \u00e4r bla industrin, lantbruken, entrepren\u00f6rer och verkst\u00e4der.<\/p>\n<p><strong>Ans\u00f6k nu till:<\/strong><\/p>\n<p>Skicka in din ans\u00f6kan till <a href=\"&#x6d;&#97;i&#x6c;&#x74;&#111;:&#x69;&#x6e;&#102;o&#x40;&#x74;&#101;o&#x6c;&#x6c;&#105;s&#x75;&#117;&#115;t&#x79;&#111;k&#x61;&#x6c;&#117;t&#x2e;&#x66;&#105;\">&#105;&#x6e;f&#111;&#x40;t&#101;&#x6f;l&#108;&#x69;s&#117;&#x75;&#115;&#x74;&#x79;&#111;&#x6b;&#x61;&#108;&#x75;t&#46;&#x66;i<\/a><br \/>eller ring Johanna Nevanper\u00e4 p\u00e5 <a href=\"tel:0207303000\">0207 30 3000<\/a> f\u00f6r en f\u00f6rsta telefonintervju.<\/p>\n<p>[\/et_pb_text][\/et_pb_column][et_pb_column type=&#8221;1_3&#8243; _builder_version=&#8221;3.25&#8243; background_color=&#8221;#ffffff&#8221; custom_padding=&#8221;1rem|1rem|1rem|1rem&#8221; global_colors_info=&#8221;{}&#8221; custom_padding__hover=&#8221;|||&#8221;][et_pb_text ul_position=&#8221;inside&#8221; ul_item_indent=&#8221;19px&#8221; _builder_version=&#8221;4.4.4&#8243; text_font=&#8221;||||||||&#8221; ul_font=&#8221;Muli||||||||&#8221; header_font=&#8221;||||||||&#8221; header_2_font=&#8221;Muli|700|||||||&#8221; header_2_text_align=&#8221;left&#8221; header_2_text_color=&#8221;#000000&#8243; header_3_font=&#8221;Muli|700|||||||&#8221; header_3_text_color=&#8221;#000000&#8243; header_3_font_size=&#8221;23px&#8221; custom_padding=&#8221;30px|30px|30px|30px|true|true&#8221; global_colors_info=&#8221;{}&#8221;]<\/p>\n<h2>Av Dig f\u00f6rv\u00e4ntar vi:<\/h2>\n<ul>\n<li>R\u00e4tt inst\u00e4llning till f\u00f6rs\u00e4ljning och viljan att utveckla ditt kunnande<\/li>\n<li>F\u00f6rm\u00e5ga att bygga l\u00f6sningar, som fyller slutkundens behov<\/li>\n<li>Social kompetens<\/li>\n<li>Vilja att jobba sj\u00e4lvst\u00e4ndigt <\/li>\n<\/ul>\n<h3>Vi erbjuder Dig:<\/h3>\n<ul>\n<li>Bra och kontinuerligt s\u00e4ljst\u00f6d och skolning<\/li>\n<li>Professionellt och konkurrenskraftigt produktsortiment<\/li>\n<li>Komplett utrustad utst\u00e4llningsbil (B- eller C-k\u00f6rkort)<\/li>\n<li>Sj\u00e4lvst\u00e4ndigt jobb, d\u00e4r du har frihet att utveckla arbetss\u00e4tt som passar dig b\u00e4st<\/li>\n<li>Fast grundl\u00f6n plus provision <\/li>\n<\/ul>\n<p>[\/et_pb_text][\/et_pb_column][\/et_pb_row][\/et_pb_section][et_pb_section fb_built=&#8221;1&#8243; _builder_version=&#8221;3.22&#8243; background_color=&#8221;#31393c&#8221; custom_padding=&#8221;4%||4.6%||false|&#8221; border_width_top=&#8221;6px&#8221; border_color_top=&#8221;#ffec33&#8243; global_module=&#8221;742&#8243; saved_tabs=&#8221;all&#8221; global_colors_info=&#8221;{}&#8221;][et_pb_row column_structure=&#8221;1_3,1_3,1_3&#8243; _builder_version=&#8221;3.25&#8243; width=&#8221;63%&#8221; max_width=&#8221;63%&#8221; custom_padding=&#8221;27px|0px|0|0px|false|false&#8221; use_custom_width=&#8221;on&#8221; width_unit=&#8221;off&#8221; custom_width_percent=&#8221;63%&#8221; global_colors_info=&#8221;{}&#8221;][et_pb_column type=&#8221;1_3&#8243; _builder_version=&#8221;3.25&#8243; custom_padding=&#8221;|||&#8221; global_colors_info=&#8221;{}&#8221; custom_padding__hover=&#8221;|||&#8221;][et_pb_image src=&#8221;https:\/\/teollisuustyokalut.fi\/wp-content\/uploads\/2018\/06\/IDG-Tools.png&#8221; _builder_version=&#8221;3.23&#8243; always_center_on_mobile=&#8221;off&#8221; global_colors_info=&#8221;{}&#8221;][\/et_pb_image][\/et_pb_column][et_pb_column type=&#8221;1_3&#8243; _builder_version=&#8221;3.25&#8243; custom_padding=&#8221;|||&#8221; global_colors_info=&#8221;{}&#8221; custom_padding__hover=&#8221;|||&#8221;][\/et_pb_column][et_pb_column type=&#8221;1_3&#8243; _builder_version=&#8221;3.25&#8243; custom_padding=&#8221;|||&#8221; global_colors_info=&#8221;{}&#8221; custom_padding__hover=&#8221;|||&#8221;][\/et_pb_column][\/et_pb_row][et_pb_row column_structure=&#8221;1_2,1_2&#8243; _builder_version=&#8221;4.13.1&#8243; width=&#8221;63%&#8221; max_width=&#8221;63%&#8221; use_custom_width=&#8221;on&#8221; width_unit=&#8221;off&#8221; custom_width_percent=&#8221;63%&#8221; global_colors_info=&#8221;{}&#8221;][et_pb_column type=&#8221;1_2&#8243; _builder_version=&#8221;3.25&#8243; custom_padding=&#8221;|||&#8221; global_colors_info=&#8221;{}&#8221; custom_padding__hover=&#8221;|||&#8221;][et_pb_text admin_label=&#8221;yhteystiedot&#8221; _builder_version=&#8221;4.13.1&#8243; text_font=&#8221;Muli||||||||&#8221; text_text_color=&#8221;#ffffff&#8221; text_font_size=&#8221;18px&#8221; link_text_color=&#8221;#ffffff&#8221; link_font_size=&#8221;16px&#8221; header_font=&#8221;Muli||||||||&#8221; header_2_font=&#8221;Muli|900|||||||&#8221; header_2_text_color=&#8221;#ffffff&#8221; header_2_font_size=&#8221;28px&#8221; header_2_line_height=&#8221;1.1em&#8221; global_colors_info=&#8221;{}&#8221;]<\/p>\n<h2>Suomen Teollisuusty\u00f6kalut Oy<\/h2>\n<p>Hallimestarinkatu 21<br \/>20780 KAARINA<\/p>\n<p>FO-nummer: 1087645-2<\/p>\n<p><a href=\"\/wp-content\/uploads\/2020\/04\/IDG_gdpr_swe.pdf\" rel=\"noppener noopener noreferrer\" target=\"blank\">Integritetspolicy<\/a><\/p>\n<p>[\/et_pb_text][\/et_pb_column][et_pb_column type=&#8221;1_2&#8243; _builder_version=&#8221;4.0.11&#8243; custom_padding=&#8221;|||&#8221; custom_css_main_element=&#8221;z-index: 0!important;&#8221; global_colors_info=&#8221;{}&#8221; custom_padding__hover=&#8221;|||&#8221;][et_pb_text admin_label=&#8221;yhteystiedot&#8221; _builder_version=&#8221;4.4.4&#8243; text_font=&#8221;Muli||||||||&#8221; text_text_color=&#8221;#ffffff&#8221; text_font_size=&#8221;18px&#8221; link_font=&#8221;||||||||&#8221; link_text_color=&#8221;#ffffff&#8221; header_font=&#8221;Muli||||||||&#8221; header_2_font=&#8221;Muli|900|||||||&#8221; header_2_text_color=&#8221;#ffffff&#8221; header_2_font_size=&#8221;28px&#8221; header_2_line_height=&#8221;1.1em&#8221; custom_css_main_element=&#8221;z-index: 0!important;&#8221; global_colors_info=&#8221;{}&#8221;]<\/p>\n<h2>Kundservice<\/h2>\n<p><a href=\"&#x6d;a&#x69;&#108;t&#x6f;&#58;&#x69;&#x6e;f&#x6f;&#64;t&#x65;&#111;&#x6c;&#108;i&#x73;&#117;u&#x73;&#116;&#x79;&#111;k&#x61;&#108;&#x75;&#x74;&#46;&#x66;&#105;\"><i class=\"fas fa-envelope\"><\/i> i&#110;&#102;&#x6f;&#x40;&#x74;&#x65;o&#108;&#108;&#105;&#x73;&#x75;&#x75;st&#121;&#111;&#x6b;&#x61;&#x6c;ut&#46;&#102;&#x69;<\/a><\/p>\n<p><a href=\"tel:0207303000\"><i class=\"fas fa-phone fa-flip-horizontal\"><\/i> 0207 303000<\/a><br \/>\n<span style=\"font-size:12px; line-height: 1.0em;\">(kostnad: 8,35snt\/samtal+16,69snt\/min)<\/span><\/p>\n<p>[\/et_pb_text][et_pb_social_media_follow _builder_version=&#8221;4.4.4&#8243; custom_css_main_element=&#8221;z-index: 0!important;&#8221; global_colors_info=&#8221;{}&#8221;][et_pb_social_media_follow_network social_network=&#8221;facebook&#8221; url=&#8221;https:\/\/www.facebook.com\/suomenteollisuustyokalut\/&#8221; _builder_version=&#8221;3.5.1&#8243; background_color=&#8221;#3b5998&#8243; global_colors_info=&#8221;{}&#8221; follow_button=&#8221;off&#8221; url_new_window=&#8221;on&#8221;]facebook[\/et_pb_social_media_follow_network][et_pb_social_media_follow_network social_network=&#8221;instagram&#8221; url=&#8221;https:\/\/www.instagram.com\/suomenteollisuustyokalut\/&#8221; _builder_version=&#8221;3.5.1&#8243; background_color=&#8221;#ea2c59&#8243; global_colors_info=&#8221;{}&#8221; follow_button=&#8221;off&#8221; url_new_window=&#8221;on&#8221;]instagram[\/et_pb_social_media_follow_network][et_pb_social_media_follow_network social_network=&#8221;youtube&#8221; url=&#8221;https:\/\/www.youtube.com\/channel\/UC7Ym0XPf-67QiTSjkzM440w&#8221; _builder_version=&#8221;4.4.4&#8243; background_color=&#8221;#ff0000&#8243; background_enable_color=&#8221;on&#8221; global_colors_info=&#8221;{}&#8221; follow_button=&#8221;off&#8221; url_new_window=&#8221;on&#8221;]youtube[\/et_pb_social_media_follow_network][\/et_pb_social_media_follow][\/et_pb_column][\/et_pb_row][\/et_pb_section]<\/p>\n","protected":false},"excerpt":{"rendered":"<p>Jobba hos ossS\u00e4ljare Jobbeskrivning: Din uppgift som s\u00e4ljare \u00e4r att bes\u00f6ka v\u00e5ra kunder och erbjuda dem l\u00f6sningar och aktivt s\u00f6ka nya kunder. Att uppr\u00e4tth\u00e5lla befintliga kundrelationer \u00e4r en viktig del av jobbet. Du bes\u00f6ker slutkunden med v\u00e5r unika demonstrationsbil och visar v\u00e5ra produkter. Kunden f\u00e5r se, prova, k\u00e4nna och v\u00e4lja den produkt som passar honom [&hellip;]<\/p>\n","protected":false},"author":1,"featured_media":0,"parent":0,"menu_order":0,"comment_status":"closed","ping_status":"closed","template":"","meta":{"_et_pb_use_builder":"on","_et_pb_old_content":"","_et_gb_content_width":"","footnotes":""},"class_list":["post-748","page","type-page","status-publish","hentry"],"_links":{"self":[{"href":"https:\/\/teollisuustyokalut.fi\/sv\/wp-json\/wp\/v2\/pages\/748","targetHints":{"allow":["GET"]}}],"collection":[{"href":"https:\/\/teollisuustyokalut.fi\/sv\/wp-json\/wp\/v2\/pages"}],"about":[{"href":"https:\/\/teollisuustyokalut.fi\/sv\/wp-json\/wp\/v2\/types\/page"}],"author":[{"embeddable":true,"href":"https:\/\/teollisuustyokalut.fi\/sv\/wp-json\/wp\/v2\/users\/1"}],"replies":[{"embeddable":true,"href":"https:\/\/teollisuustyokalut.fi\/sv\/wp-json\/wp\/v2\/comments?post=748"}],"version-history":[{"count":7,"href":"https:\/\/teollisuustyokalut.fi\/sv\/wp-json\/wp\/v2\/pages\/748\/revisions"}],"predecessor-version":[{"id":1029,"href":"https:\/\/teollisuustyokalut.fi\/sv\/wp-json\/wp\/v2\/pages\/748\/revisions\/1029"}],"wp:attachment":[{"href":"https:\/\/teollisuustyokalut.fi\/sv\/wp-json\/wp\/v2\/media?parent=748"}],"curies":[{"name":"wp","href":"https:\/\/api.w.org\/{rel}","templated":true}]}}