{"id":758,"date":"2020-04-27T12:08:29","date_gmt":"2020-04-27T09:08:29","guid":{"rendered":"https:\/\/teollisuustyokalut.fi\/?page_id=758"},"modified":"2022-08-04T12:12:17","modified_gmt":"2022-08-04T09:12:17","slug":"retur-av-produkt","status":"publish","type":"page","link":"https:\/\/teollisuustyokalut.fi\/sv\/retur-av-produkt\/","title":{"rendered":"Retur av produkt"},"content":{"rendered":"<p>[et_pb_section fb_built=&#8221;1&#8243; _builder_version=&#8221;4.16&#8243; use_background_color_gradient=&#8221;on&#8221; background_color_gradient_stops=&#8221;rgba(0,0,0,0.71) 0%|rgba(0,0,0,0.85) 100%&#8221; background_color_gradient_overlays_image=&#8221;on&#8221; background_color_gradient_start=&#8221;rgba(0,0,0,0.71)&#8221; background_color_gradient_end=&#8221;rgba(0,0,0,0.85)&#8221; background_image=&#8221;https:\/\/teollisuustyokalut.fi\/wp-content\/uploads\/2018\/08\/Lager.jpg&#8221; custom_padding=&#8221;11%||11%||true&#8221; border_width_bottom=&#8221;6px&#8221; border_color_bottom=&#8221;#edf000&#8243; global_colors_info=&#8221;{}&#8221;][et_pb_row _builder_version=&#8221;4.16&#8243; background_enable_color=&#8221;off&#8221; custom_padding=&#8221;5%||5%||true&#8221; global_colors_info=&#8221;{}&#8221;][et_pb_column type=&#8221;4_4&#8243; _builder_version=&#8221;4.16&#8243; custom_padding=&#8221;|||&#8221; global_colors_info=&#8221;{}&#8221; custom_padding__hover=&#8221;|||&#8221;][et_pb_text _builder_version=&#8221;4.16&#8243; header_font=&#8221;|800|||||||&#8221; header_text_align=&#8221;center&#8221; header_text_color=&#8221;#ffffff&#8221; header_font_size=&#8221;64px&#8221; header_text_shadow_style=&#8221;preset1&#8243; global_colors_info=&#8221;{}&#8221;]<\/p>\n<h1>Retur av produkt<\/h1>\n<p>[\/et_pb_text][\/et_pb_column][\/et_pb_row][\/et_pb_section][et_pb_section fb_built=&#8221;1&#8243; _builder_version=&#8221;4.16&#8243; background_color=&#8221;#eaeaea&#8221; custom_padding=&#8221;4.7%||4.7%||true|&#8221; global_colors_info=&#8221;{}&#8221;][et_pb_row _builder_version=&#8221;4.16&#8243; background_color=&#8221;#ffffff&#8221; background_size=&#8221;initial&#8221; background_position=&#8221;top_left&#8221; background_repeat=&#8221;repeat&#8221; custom_padding=&#8221;1em|1em|1em|1em|true|true&#8221; box_shadow_style=&#8221;preset3&#8243; global_colors_info=&#8221;{}&#8221;][et_pb_column type=&#8221;4_4&#8243; _builder_version=&#8221;4.16&#8243; custom_padding=&#8221;|||&#8221; global_colors_info=&#8221;{}&#8221; custom_padding__hover=&#8221;|||&#8221;][et_pb_text _builder_version=&#8221;4.17.6&#8243; text_font=&#8221;||||||||&#8221; text_font_size=&#8221;19px&#8221; text_line_height=&#8221;1.6em&#8221; header_font=&#8221;||||||||&#8221; header_2_font=&#8221;|700|||||||&#8221; header_2_font_size=&#8221;30px&#8221; header_4_font=&#8221;Muli|800|||||||&#8221; header_4_text_color=&#8221;#000000&#8243; header_4_font_size=&#8221;26px&#8221; custom_padding=&#8221;30px|30px|30px|30px|true|true&#8221; hover_enabled=&#8221;0&#8243; global_colors_info=&#8221;{}&#8221; sticky_enabled=&#8221;0&#8243;]<\/p>\n<h2>Reparation, retur av produkt<\/h2>\n<p>\u00a0Suomen Teollisuusty\u00f6kalut Oy har kundreturavtal med Posten, som \u00e4r <strong>gratis<\/strong>. Avtalnumret \u00e4r <strong>602626<\/strong>. Ifall returen inte \u00e4r garanti eller inte uppfyller returvillkoren, kan frakten faktureras efter\u00e5t. Vi acceptera embart retur via Posten. Fyll i returblanketten och skicka det med produkt.<\/p>\n<p><strong>OBS!<\/strong> Hikoki-produkt, <strong>som \u00e4r k\u00f6pt fr\u00e5n Suomen Teollisuusty\u00f6kalut Oy<\/strong>, har separat returblankett. Garanti- och returvillkor finns p\u00e5 baksidan av best\u00e4llningskopian.<\/p>\n<p>[\/et_pb_text][\/et_pb_column][\/et_pb_row][et_pb_row column_structure=&#8221;1_2,1_2&#8243; _builder_version=&#8221;4.16&#8243; background_color=&#8221;#ffffff&#8221; background_size=&#8221;initial&#8221; background_position=&#8221;top_left&#8221; background_repeat=&#8221;repeat&#8221; border_radii=&#8221;|||3px|3px&#8221; box_shadow_style=&#8221;preset3&#8243; global_colors_info=&#8221;{}&#8221;][et_pb_column type=&#8221;1_2&#8243; _builder_version=&#8221;4.16&#8243; custom_padding=&#8221;|||&#8221; global_colors_info=&#8221;{}&#8221; custom_padding__hover=&#8221;|||&#8221;][et_pb_button button_url=&#8221;\/wp-content\/uploads\/2018\/08\/huoltolomake_IDG-Tools.pdf&#8221; button_text=&#8221;Returblankett IDG-Tools\u00ae&#8221; button_alignment=&#8221;center&#8221; _builder_version=&#8221;4.16&#8243; custom_button=&#8221;on&#8221; button_text_color=&#8221;#ffffff&#8221; button_font=&#8221;||||||||&#8221; button_use_icon=&#8221;off&#8221; button_text_color_hover=&#8221;#ffffff&#8221; button_border_color_hover=&#8221;#31393c&#8221; button_bg_color_hover=&#8221;#31393c&#8221; global_colors_info=&#8221;{}&#8221; button_text_size__hover_enabled=&#8221;off&#8221; button_one_text_size__hover_enabled=&#8221;off&#8221; button_two_text_size__hover_enabled=&#8221;off&#8221; button_text_color__hover_enabled=&#8221;on&#8221; button_text_color__hover=&#8221;#ffffff&#8221; button_one_text_color__hover_enabled=&#8221;off&#8221; button_two_text_color__hover_enabled=&#8221;off&#8221; button_border_width__hover_enabled=&#8221;off&#8221; button_one_border_width__hover_enabled=&#8221;off&#8221; button_two_border_width__hover_enabled=&#8221;off&#8221; button_border_color__hover_enabled=&#8221;on&#8221; button_border_color__hover=&#8221;#31393c&#8221; button_one_border_color__hover_enabled=&#8221;off&#8221; button_two_border_color__hover_enabled=&#8221;off&#8221; button_border_radius__hover_enabled=&#8221;off&#8221; button_one_border_radius__hover_enabled=&#8221;off&#8221; button_two_border_radius__hover_enabled=&#8221;off&#8221; button_letter_spacing__hover_enabled=&#8221;off&#8221; button_one_letter_spacing__hover_enabled=&#8221;off&#8221; button_two_letter_spacing__hover_enabled=&#8221;off&#8221; button_bg_color__hover_enabled=&#8221;on&#8221; button_bg_color__hover=&#8221;#31393c&#8221; button_one_bg_color__hover_enabled=&#8221;off&#8221; button_two_bg_color__hover_enabled=&#8221;off&#8221;][\/et_pb_button][\/et_pb_column][et_pb_column type=&#8221;1_2&#8243; _builder_version=&#8221;4.16&#8243; custom_padding=&#8221;|||&#8221; global_colors_info=&#8221;{}&#8221; custom_padding__hover=&#8221;|||&#8221;][et_pb_button button_url=&#8221;\/wp-content\/uploads\/2018\/08\/huolto_lomake_HITACHI_FI.pdf&#8221; button_text=&#8221;Returblankett Hikoki\u00ae&#8221; button_alignment=&#8221;center&#8221; _builder_version=&#8221;4.16&#8243; custom_button=&#8221;on&#8221; button_text_color=&#8221;#ffffff&#8221; button_font=&#8221;||||||||&#8221; button_use_icon=&#8221;off&#8221; button_text_color_hover=&#8221;#ffffff&#8221; button_border_color_hover=&#8221;#31393c&#8221; button_bg_color_hover=&#8221;#31393c&#8221; global_colors_info=&#8221;{}&#8221; button_text_size__hover_enabled=&#8221;off&#8221; button_one_text_size__hover_enabled=&#8221;off&#8221; button_two_text_size__hover_enabled=&#8221;off&#8221; button_text_color__hover_enabled=&#8221;on&#8221; button_text_color__hover=&#8221;#ffffff&#8221; button_one_text_color__hover_enabled=&#8221;off&#8221; button_two_text_color__hover_enabled=&#8221;off&#8221; button_border_width__hover_enabled=&#8221;off&#8221; button_one_border_width__hover_enabled=&#8221;off&#8221; button_two_border_width__hover_enabled=&#8221;off&#8221; button_border_color__hover_enabled=&#8221;on&#8221; button_border_color__hover=&#8221;#31393c&#8221; button_one_border_color__hover_enabled=&#8221;off&#8221; button_two_border_color__hover_enabled=&#8221;off&#8221; button_border_radius__hover_enabled=&#8221;off&#8221; button_one_border_radius__hover_enabled=&#8221;off&#8221; button_two_border_radius__hover_enabled=&#8221;off&#8221; button_letter_spacing__hover_enabled=&#8221;off&#8221; button_one_letter_spacing__hover_enabled=&#8221;off&#8221; button_two_letter_spacing__hover_enabled=&#8221;off&#8221; button_bg_color__hover_enabled=&#8221;on&#8221; button_bg_color__hover=&#8221;#31393c&#8221; button_one_bg_color__hover_enabled=&#8221;off&#8221; button_two_bg_color__hover_enabled=&#8221;off&#8221;][\/et_pb_button][\/et_pb_column][\/et_pb_row][\/et_pb_section][et_pb_section fb_built=&#8221;1&#8243; _builder_version=&#8221;3.22&#8243; background_color=&#8221;#31393c&#8221; custom_padding=&#8221;4%||4.6%||false|&#8221; border_width_top=&#8221;6px&#8221; border_color_top=&#8221;#ffec33&#8243; global_module=&#8221;742&#8243; saved_tabs=&#8221;all&#8221; global_colors_info=&#8221;{}&#8221;][et_pb_row column_structure=&#8221;1_3,1_3,1_3&#8243; _builder_version=&#8221;4.16&#8243; width=&#8221;63%&#8221; max_width=&#8221;63%&#8221; custom_padding=&#8221;27px|0px|0|0px|false|false&#8221; use_custom_width=&#8221;on&#8221; width_unit=&#8221;off&#8221; custom_width_percent=&#8221;63%&#8221; global_colors_info=&#8221;{}&#8221;][et_pb_column type=&#8221;1_3&#8243; _builder_version=&#8221;4.16&#8243; custom_padding=&#8221;|||&#8221; global_colors_info=&#8221;{}&#8221; custom_padding__hover=&#8221;|||&#8221;][et_pb_image src=&#8221;https:\/\/teollisuustyokalut.fi\/wp-content\/uploads\/2018\/06\/IDG-Tools.png&#8221; _builder_version=&#8221;4.16&#8243; always_center_on_mobile=&#8221;off&#8221; global_colors_info=&#8221;{}&#8221;][\/et_pb_image][\/et_pb_column][et_pb_column type=&#8221;1_3&#8243; _builder_version=&#8221;4.16&#8243; custom_padding=&#8221;|||&#8221; global_colors_info=&#8221;{}&#8221; custom_padding__hover=&#8221;|||&#8221;][\/et_pb_column][et_pb_column type=&#8221;1_3&#8243; _builder_version=&#8221;4.16&#8243; custom_padding=&#8221;|||&#8221; global_colors_info=&#8221;{}&#8221; custom_padding__hover=&#8221;|||&#8221;][\/et_pb_column][\/et_pb_row][et_pb_row column_structure=&#8221;1_2,1_2&#8243; _builder_version=&#8221;4.16&#8243; width=&#8221;63%&#8221; max_width=&#8221;63%&#8221; use_custom_width=&#8221;on&#8221; width_unit=&#8221;off&#8221; custom_width_percent=&#8221;63%&#8221; global_colors_info=&#8221;{}&#8221;][et_pb_column type=&#8221;1_2&#8243; _builder_version=&#8221;4.16&#8243; custom_padding=&#8221;|||&#8221; global_colors_info=&#8221;{}&#8221; custom_padding__hover=&#8221;|||&#8221;][et_pb_text admin_label=&#8221;yhteystiedot&#8221; _builder_version=&#8221;4.16&#8243; text_font=&#8221;Muli||||||||&#8221; text_text_color=&#8221;#ffffff&#8221; text_font_size=&#8221;18px&#8221; link_text_color=&#8221;#ffffff&#8221; link_font_size=&#8221;16px&#8221; header_font=&#8221;Muli||||||||&#8221; header_2_font=&#8221;Muli|900|||||||&#8221; header_2_text_color=&#8221;#ffffff&#8221; header_2_font_size=&#8221;28px&#8221; header_2_line_height=&#8221;1.1em&#8221; global_colors_info=&#8221;{}&#8221;]<\/p>\n<h2>Suomen Teollisuusty\u00f6kalut Oy<\/h2>\n<p>Hallimestarinkatu 21<br \/>20780 KAARINA<\/p>\n<p>FO-nummer: 1087645-2<\/p>\n<p><a href=\"\/wp-content\/uploads\/2020\/04\/IDG_gdpr_swe.pdf\" rel=\"noppener noopener noreferrer\" target=\"blank\">Integritetspolicy<\/a><\/p>\n<p>[\/et_pb_text][\/et_pb_column][et_pb_column type=&#8221;1_2&#8243; _builder_version=&#8221;4.16&#8243; custom_padding=&#8221;|||&#8221; custom_css_main_element=&#8221;z-index: 0!important;&#8221; global_colors_info=&#8221;{}&#8221; custom_padding__hover=&#8221;|||&#8221;][et_pb_text admin_label=&#8221;yhteystiedot&#8221; _builder_version=&#8221;4.16&#8243; text_font=&#8221;Muli||||||||&#8221; text_text_color=&#8221;#ffffff&#8221; text_font_size=&#8221;18px&#8221; link_font=&#8221;||||||||&#8221; link_text_color=&#8221;#ffffff&#8221; header_font=&#8221;Muli||||||||&#8221; header_2_font=&#8221;Muli|900|||||||&#8221; header_2_text_color=&#8221;#ffffff&#8221; header_2_font_size=&#8221;28px&#8221; header_2_line_height=&#8221;1.1em&#8221; custom_css_main_element=&#8221;z-index: 0!important;&#8221; global_colors_info=&#8221;{}&#8221;]<\/p>\n<h2>Kundservice<\/h2>\n<p><a href=\"&#109;&#97;&#x69;&#x6c;&#116;&#111;&#x3a;&#x69;&#110;&#102;&#x6f;&#x40;&#116;&#101;&#x6f;&#x6c;&#108;&#105;&#x73;&#x75;&#117;&#115;&#x74;&#x79;&#111;&#107;&#x61;&#x6c;&#117;&#116;&#x2e;&#x66;&#105;\"><i class=\"fas fa-envelope\"><\/i> i&#110;&#102;&#x6f;&#x40;&#x74;&#x65;o&#108;&#108;&#105;&#x73;&#x75;&#x75;st&#121;&#111;&#x6b;&#x61;&#x6c;ut&#46;&#102;&#x69;<\/a><\/p>\n<p><a href=\"tel:0207303000\"><i class=\"fas fa-phone fa-flip-horizontal\"><\/i> 0207 303000<\/a><br \/>\n<span style=\"font-size:12px; line-height: 1.0em;\">(kostnad: 8,35snt\/samtal+16,69snt\/min)<\/span><\/p>\n<p>[\/et_pb_text][et_pb_social_media_follow _builder_version=&#8221;4.16&#8243; custom_css_main_element=&#8221;z-index: 0!important;&#8221; global_colors_info=&#8221;{}&#8221;][et_pb_social_media_follow_network social_network=&#8221;facebook&#8221; url=&#8221;https:\/\/www.facebook.com\/suomenteollisuustyokalut\/&#8221; _builder_version=&#8221;4.16&#8243; background_color=&#8221;#3b5998&#8243; global_colors_info=&#8221;{}&#8221; follow_button=&#8221;off&#8221; url_new_window=&#8221;on&#8221;]facebook[\/et_pb_social_media_follow_network][et_pb_social_media_follow_network social_network=&#8221;instagram&#8221; url=&#8221;https:\/\/www.instagram.com\/suomenteollisuustyokalut\/&#8221; _builder_version=&#8221;4.16&#8243; background_color=&#8221;#ea2c59&#8243; global_colors_info=&#8221;{}&#8221; follow_button=&#8221;off&#8221; url_new_window=&#8221;on&#8221;]instagram[\/et_pb_social_media_follow_network][et_pb_social_media_follow_network social_network=&#8221;youtube&#8221; url=&#8221;https:\/\/www.youtube.com\/channel\/UC7Ym0XPf-67QiTSjkzM440w&#8221; _builder_version=&#8221;4.16&#8243; background_color=&#8221;#ff0000&#8243; background_enable_color=&#8221;on&#8221; global_colors_info=&#8221;{}&#8221; follow_button=&#8221;off&#8221; url_new_window=&#8221;on&#8221;]youtube[\/et_pb_social_media_follow_network][\/et_pb_social_media_follow][\/et_pb_column][\/et_pb_row][\/et_pb_section]<\/p>\n","protected":false},"excerpt":{"rendered":"<p>Retur av produktReparation, retur av produkt \u00a0Suomen Teollisuusty\u00f6kalut Oy har kundreturavtal med Posten, som \u00e4r gratis. Avtalnumret \u00e4r 602626. Ifall returen inte \u00e4r garanti eller inte uppfyller returvillkoren, kan frakten faktureras efter\u00e5t. Vi acceptera embart retur via Posten. Fyll i returblanketten och skicka det med produkt. OBS! Hikoki-produkt, som \u00e4r k\u00f6pt fr\u00e5n Suomen Teollisuusty\u00f6kalut Oy, [&hellip;]<\/p>\n","protected":false},"author":1,"featured_media":0,"parent":0,"menu_order":0,"comment_status":"closed","ping_status":"closed","template":"","meta":{"_et_pb_use_builder":"on","_et_pb_old_content":"","_et_gb_content_width":"","footnotes":""},"class_list":["post-758","page","type-page","status-publish","hentry"],"_links":{"self":[{"href":"https:\/\/teollisuustyokalut.fi\/sv\/wp-json\/wp\/v2\/pages\/758","targetHints":{"allow":["GET"]}}],"collection":[{"href":"https:\/\/teollisuustyokalut.fi\/sv\/wp-json\/wp\/v2\/pages"}],"about":[{"href":"https:\/\/teollisuustyokalut.fi\/sv\/wp-json\/wp\/v2\/types\/page"}],"author":[{"embeddable":true,"href":"https:\/\/teollisuustyokalut.fi\/sv\/wp-json\/wp\/v2\/users\/1"}],"replies":[{"embeddable":true,"href":"https:\/\/teollisuustyokalut.fi\/sv\/wp-json\/wp\/v2\/comments?post=758"}],"version-history":[{"count":11,"href":"https:\/\/teollisuustyokalut.fi\/sv\/wp-json\/wp\/v2\/pages\/758\/revisions"}],"predecessor-version":[{"id":1098,"href":"https:\/\/teollisuustyokalut.fi\/sv\/wp-json\/wp\/v2\/pages\/758\/revisions\/1098"}],"wp:attachment":[{"href":"https:\/\/teollisuustyokalut.fi\/sv\/wp-json\/wp\/v2\/media?parent=758"}],"curies":[{"name":"wp","href":"https:\/\/api.w.org\/{rel}","templated":true}]}}