{"id":788,"date":"2018-06-07T10:21:30","date_gmt":"2018-06-07T07:21:30","guid":{"rendered":"https:\/\/teollisuustyokalut.fi\/?page_id=788"},"modified":"2021-11-16T11:38:57","modified_gmt":"2021-11-16T09:38:57","slug":"suomenteollisuustyokalutoy","status":"publish","type":"page","link":"https:\/\/teollisuustyokalut.fi\/sv\/suomenteollisuustyokalutoy\/","title":{"rendered":"Suomen Teollisuusty\u00f6kalut Oy"},"content":{"rendered":"<p>[et_pb_section fb_built=&#8221;1&#8243; _builder_version=&#8221;4.13.1&#8243; use_background_color_gradient=&#8221;on&#8221; background_color_gradient_start=&#8221;rgba(0,0,0,0.89)&#8221; background_color_gradient_end=&#8221;rgba(0,0,0,0.8)&#8221; background_color_gradient_overlays_image=&#8221;on&#8221; background_image=&#8221;https:\/\/teollisuustyokalut.fi\/wp-content\/uploads\/2018\/06\/Hus.jpg&#8221; custom_padding=&#8221;11%||11%||true&#8221; border_width_bottom=&#8221;6px&#8221; border_color_bottom=&#8221;#ffec33&#8243; global_colors_info=&#8221;{}&#8221;][et_pb_row _builder_version=&#8221;4.13.1&#8243; background_enable_color=&#8221;off&#8221; custom_padding=&#8221;5%||5%||true&#8221; global_colors_info=&#8221;{}&#8221;][et_pb_column type=&#8221;4_4&#8243; _builder_version=&#8221;3.25&#8243; custom_padding=&#8221;|||&#8221; global_colors_info=&#8221;{}&#8221; custom_padding__hover=&#8221;|||&#8221;][et_pb_text _builder_version=&#8221;4.13.1&#8243; header_font=&#8221;|700|||||||&#8221; header_text_align=&#8221;center&#8221; header_text_color=&#8221;#ffffff&#8221; header_font_size=&#8221;64px&#8221; header_text_shadow_style=&#8221;preset1&#8243; global_colors_info=&#8221;{}&#8221;]<\/p>\n<h1>Suomen Teollisuusty\u00f6kalut Oy<\/h1>\n<p>[\/et_pb_text][\/et_pb_column][\/et_pb_row][\/et_pb_section][et_pb_section fb_built=&#8221;1&#8243; _builder_version=&#8221;3.22&#8243; background_color=&#8221;#eaeaea&#8221; custom_padding=&#8221;4.6%||4.6%||true|false&#8221; global_colors_info=&#8221;{}&#8221;][et_pb_row column_structure=&#8221;2_3,1_3&#8243; use_custom_gutter=&#8221;on&#8221; gutter_width=&#8221;1&#8243; make_equal=&#8221;on&#8221; padding_top_bottom_link_1=&#8221;true&#8221; padding_top_bottom_link_2=&#8221;true&#8221; padding_left_right_link_1=&#8221;true&#8221; padding_left_right_link_2=&#8221;true&#8221; _builder_version=&#8221;3.25&#8243; background_size=&#8221;initial&#8221; background_position=&#8221;top_left&#8221; background_repeat=&#8221;repeat&#8221; custom_padding=&#8221;0|0px|0|0px|false|false&#8221; border_radii=&#8221;|||3px|3px&#8221; box_shadow_style=&#8221;preset3&#8243; global_colors_info=&#8221;{}&#8221;][et_pb_column type=&#8221;2_3&#8243; _builder_version=&#8221;3.25&#8243; background_color=&#8221;#ffffff&#8221; custom_padding=&#8221;1rem|1rem|1rem|1rem&#8221; global_colors_info=&#8221;{}&#8221; custom_padding__hover=&#8221;|||&#8221;][et_pb_text _builder_version=&#8221;4.13.1&#8243; text_font=&#8221;Muli||||||||&#8221; text_font_size=&#8221;18px&#8221; header_font=&#8221;|700|||||||&#8221; header_font_size=&#8221;32px&#8221; header_2_font=&#8221;|700|||||||&#8221; header_2_font_size=&#8221;30px&#8221; custom_margin=&#8221;|||&#8221; custom_padding=&#8221;30px|30px|30px|30px|true|true&#8221; hover_enabled=&#8221;0&#8243; global_colors_info=&#8221;{}&#8221; sticky_enabled=&#8221;0&#8243;]<\/p>\n<h2>F\u00f6retaget<\/h2>\n<p>&nbsp;<\/p>\n<p>Industriverktyg IDG-Tools AB startades i Sverige h\u00f6sten 1996 och f\u00f6ljande \u00e5r startade Suomen Teollisuusty\u00f6kalut Oy Ab i Finland och har idag ca 100 s\u00e4ljare, alla s\u00e4ljare \u00e4r utrustade med utst\u00e4llningsbussar. F\u00f6retaget \u00e4r starkt och vi v\u00e4xer fortfarande. Idag finns Industriverktyg i Sverige, Finland, Norge och Polen. Logistikcentrum f\u00f6r alla l\u00e4nder ligger i Rosersberg n\u00e4ra Arlanda flygplats.<\/p>\n<p>Transporterna till de svenska och norska kunderna sker \u00f6ver natten och levereras till de flesta adresser redan p\u00e5f\u00f6ljande dag. <strong>Finland och Polen har ett dygn l\u00e4ngre leveranstid pga b\u00e5ttransporten.<\/strong><br \/>Suomen Teollisuusty\u00f6kalut Oy \u00e4r sedan l\u00e5ng tid tillbaka det st\u00f6rsta verktygsf\u00f6retaget med rullande utst\u00e4llningsbussar i Skandinavien.<\/p>\n<p>F\u00f6retaget innehar AAA f\u00f6r h\u00f6gsta kreditv\u00e4rdighet i Dun &amp; Bradstreets kreditratingsystem.<\/p>\n<p><strong>V\u00e4lkommen som kund till oss. Vi har s\u00e4nkt verktygs\/maskinkostnaderna f\u00f6r tiotusentals kunder.\u2028<\/strong> Vi vill g\u00e4rna f\u00e5 chansen att s\u00e4nka \u00e4ven era kostnader utan att ge avkall p\u00e5 kvaliteten.<\/p>\n<p>[\/et_pb_text][\/et_pb_column][et_pb_column type=&#8221;1_3&#8243; _builder_version=&#8221;3.25&#8243; background_color=&#8221;#ffffff&#8221; custom_padding=&#8221;1rem|1rem|1rem|1rem&#8221; global_colors_info=&#8221;{}&#8221; custom_padding__hover=&#8221;|||&#8221;][et_pb_text ul_position=&#8221;inside&#8221; ul_item_indent=&#8221;19px&#8221; _builder_version=&#8221;4.13.1&#8243; text_font=&#8221;||||||||&#8221; ul_font=&#8221;Muli||||||||&#8221; header_font=&#8221;||||||||&#8221; header_2_font=&#8221;Muli|700|||||||&#8221; header_2_text_align=&#8221;left&#8221; header_2_text_color=&#8221;#000000&#8243; header_3_font=&#8221;Muli|700|||||||&#8221; header_3_text_color=&#8221;#000000&#8243; header_3_font_size=&#8221;23px&#8221; custom_padding=&#8221;30px|30px|30px|30px|true|true&#8221; hover_enabled=&#8221;0&#8243; global_colors_info=&#8221;{}&#8221; sticky_enabled=&#8221;0&#8243;]<\/p>\n<h2>Policy och m\u00e5ls\u00e4ttning<\/h2>\n<ul>\n<li>Leverera r\u00e4tt produkt p\u00e5 r\u00e4tt tid till ett mycket konkurrenskraftigt pris.<\/li>\n<li>Lyh\u00f6rdhet f\u00f6r vad kunder och marknaden \u00f6nskar.<\/li>\n<li>Utveckla kvalitativa l\u00f6sningar och arbeta effektivt p\u00e5 alla niv\u00e5er<\/li>\n<\/ul>\n<p>&nbsp;  <\/p>\n<h3>Sammanfattningsvis str\u00e4var vi till f\u00f6ljande:<\/h3>\n<ul>\n<li>Erbjuda prisv\u00e4rda kvalitetsprodukter med snabb service till f\u00f6retag.<\/li>\n<li>Vara en stabil, l\u00e5ngsiktig och intressant arbetsplats f\u00f6r v\u00e5ra medarbetare.<\/li>\n<\/ul>\n<p>[\/et_pb_text][\/et_pb_column][\/et_pb_row][et_pb_row _builder_version=&#8221;3.25&#8243; custom_padding=&#8221;0|0px|0|0px|false|false&#8221; global_colors_info=&#8221;{}&#8221;][et_pb_column type=&#8221;4_4&#8243; _builder_version=&#8221;3.25&#8243; custom_padding=&#8221;|||&#8221; global_colors_info=&#8221;{}&#8221; custom_padding__hover=&#8221;|||&#8221;][et_pb_image src=&#8221;https:\/\/teollisuustyokalut.fi\/wp-content\/uploads\/2018\/10\/Meille-T\u00f6ihin.jpg&#8221; title_text=&#8221;Meille T\u00f6ihin&#8221; align_tablet=&#8221;center&#8221; align_phone=&#8221;&#8221; align_last_edited=&#8221;on|desktop&#8221; _builder_version=&#8221;4.13.1&#8243; global_colors_info=&#8221;{}&#8221;][\/et_pb_image][\/et_pb_column][\/et_pb_row][\/et_pb_section][et_pb_section fb_built=&#8221;1&#8243; _builder_version=&#8221;3.22&#8243; background_color=&#8221;#31393c&#8221; custom_padding=&#8221;4%||4.6%||false|&#8221; border_width_top=&#8221;6px&#8221; border_color_top=&#8221;#ffec33&#8243; global_module=&#8221;742&#8243; saved_tabs=&#8221;all&#8221; global_colors_info=&#8221;{}&#8221;][et_pb_row column_structure=&#8221;1_3,1_3,1_3&#8243; _builder_version=&#8221;3.25&#8243; width=&#8221;63%&#8221; max_width=&#8221;63%&#8221; custom_padding=&#8221;27px|0px|0|0px|false|false&#8221; use_custom_width=&#8221;on&#8221; width_unit=&#8221;off&#8221; custom_width_percent=&#8221;63%&#8221; global_colors_info=&#8221;{}&#8221;][et_pb_column type=&#8221;1_3&#8243; _builder_version=&#8221;3.25&#8243; custom_padding=&#8221;|||&#8221; global_colors_info=&#8221;{}&#8221; custom_padding__hover=&#8221;|||&#8221;][et_pb_image src=&#8221;https:\/\/teollisuustyokalut.fi\/wp-content\/uploads\/2018\/06\/IDG-Tools.png&#8221; _builder_version=&#8221;3.23&#8243; always_center_on_mobile=&#8221;off&#8221; global_colors_info=&#8221;{}&#8221;][\/et_pb_image][\/et_pb_column][et_pb_column type=&#8221;1_3&#8243; _builder_version=&#8221;3.25&#8243; custom_padding=&#8221;|||&#8221; global_colors_info=&#8221;{}&#8221; custom_padding__hover=&#8221;|||&#8221;][\/et_pb_column][et_pb_column type=&#8221;1_3&#8243; _builder_version=&#8221;3.25&#8243; custom_padding=&#8221;|||&#8221; global_colors_info=&#8221;{}&#8221; custom_padding__hover=&#8221;|||&#8221;][\/et_pb_column][\/et_pb_row][et_pb_row column_structure=&#8221;1_2,1_2&#8243; _builder_version=&#8221;4.13.1&#8243; width=&#8221;63%&#8221; max_width=&#8221;63%&#8221; use_custom_width=&#8221;on&#8221; width_unit=&#8221;off&#8221; custom_width_percent=&#8221;63%&#8221; global_colors_info=&#8221;{}&#8221;][et_pb_column type=&#8221;1_2&#8243; _builder_version=&#8221;3.25&#8243; custom_padding=&#8221;|||&#8221; global_colors_info=&#8221;{}&#8221; custom_padding__hover=&#8221;|||&#8221;][et_pb_text admin_label=&#8221;yhteystiedot&#8221; _builder_version=&#8221;4.13.1&#8243; text_font=&#8221;Muli||||||||&#8221; text_text_color=&#8221;#ffffff&#8221; text_font_size=&#8221;18px&#8221; link_text_color=&#8221;#ffffff&#8221; link_font_size=&#8221;16px&#8221; header_font=&#8221;Muli||||||||&#8221; header_2_font=&#8221;Muli|900|||||||&#8221; header_2_text_color=&#8221;#ffffff&#8221; header_2_font_size=&#8221;28px&#8221; header_2_line_height=&#8221;1.1em&#8221; global_colors_info=&#8221;{}&#8221;]<\/p>\n<h2>Suomen Teollisuusty\u00f6kalut Oy<\/h2>\n<p>Hallimestarinkatu 21<br \/>20780 KAARINA<\/p>\n<p>FO-nummer: 1087645-2<\/p>\n<p><a href=\"\/wp-content\/uploads\/2020\/04\/IDG_gdpr_swe.pdf\" rel=\"noppener noopener noreferrer\" target=\"blank\">Integritetspolicy<\/a><\/p>\n<p>[\/et_pb_text][\/et_pb_column][et_pb_column type=&#8221;1_2&#8243; _builder_version=&#8221;4.0.11&#8243; custom_padding=&#8221;|||&#8221; custom_css_main_element=&#8221;z-index: 0!important;&#8221; global_colors_info=&#8221;{}&#8221; custom_padding__hover=&#8221;|||&#8221;][et_pb_text admin_label=&#8221;yhteystiedot&#8221; _builder_version=&#8221;4.4.4&#8243; text_font=&#8221;Muli||||||||&#8221; text_text_color=&#8221;#ffffff&#8221; text_font_size=&#8221;18px&#8221; link_font=&#8221;||||||||&#8221; link_text_color=&#8221;#ffffff&#8221; header_font=&#8221;Muli||||||||&#8221; header_2_font=&#8221;Muli|900|||||||&#8221; header_2_text_color=&#8221;#ffffff&#8221; header_2_font_size=&#8221;28px&#8221; header_2_line_height=&#8221;1.1em&#8221; custom_css_main_element=&#8221;z-index: 0!important;&#8221; global_colors_info=&#8221;{}&#8221;]<\/p>\n<h2>Kundservice<\/h2>\n<p><a href=\"&#x6d;&#x61;&#x69;&#x6c;&#116;&#111;&#58;&#105;nfo&#x40;&#x74;&#x65;&#x6f;&#x6c;&#108;&#105;&#115;uus&#x74;&#x79;&#x6f;&#x6b;&#x61;&#108;&#117;&#116;&#46;fi\"><i class=\"fas fa-envelope\"><\/i> &#x69;&#x6e;&#102;&#111;&#64;&#x74;&#x65;&#x6f;&#108;li&#x73;&#x75;&#117;&#115;t&#x79;&#x6f;&#x6b;&#97;lu&#x74;&#x2e;&#102;&#105;<\/a><\/p>\n<p><a href=\"tel:0207303000\"><i class=\"fas fa-phone fa-flip-horizontal\"><\/i> 0207 303000<\/a><br \/>\n<span style=\"font-size:12px; line-height: 1.0em;\">(kostnad: 8,35snt\/samtal+16,69snt\/min)<\/span><\/p>\n<p>[\/et_pb_text][et_pb_social_media_follow _builder_version=&#8221;4.4.4&#8243; custom_css_main_element=&#8221;z-index: 0!important;&#8221; global_colors_info=&#8221;{}&#8221;][et_pb_social_media_follow_network social_network=&#8221;facebook&#8221; url=&#8221;https:\/\/www.facebook.com\/suomenteollisuustyokalut\/&#8221; _builder_version=&#8221;3.5.1&#8243; background_color=&#8221;#3b5998&#8243; global_colors_info=&#8221;{}&#8221; follow_button=&#8221;off&#8221; url_new_window=&#8221;on&#8221;]facebook[\/et_pb_social_media_follow_network][et_pb_social_media_follow_network social_network=&#8221;instagram&#8221; url=&#8221;https:\/\/www.instagram.com\/suomenteollisuustyokalut\/&#8221; _builder_version=&#8221;3.5.1&#8243; background_color=&#8221;#ea2c59&#8243; global_colors_info=&#8221;{}&#8221; follow_button=&#8221;off&#8221; url_new_window=&#8221;on&#8221;]instagram[\/et_pb_social_media_follow_network][et_pb_social_media_follow_network social_network=&#8221;youtube&#8221; url=&#8221;https:\/\/www.youtube.com\/channel\/UC7Ym0XPf-67QiTSjkzM440w&#8221; _builder_version=&#8221;4.4.4&#8243; background_color=&#8221;#ff0000&#8243; background_enable_color=&#8221;on&#8221; global_colors_info=&#8221;{}&#8221; follow_button=&#8221;off&#8221; url_new_window=&#8221;on&#8221;]youtube[\/et_pb_social_media_follow_network][\/et_pb_social_media_follow][\/et_pb_column][\/et_pb_row][\/et_pb_section]<\/p>\n","protected":false},"excerpt":{"rendered":"<p>Suomen Teollisuusty\u00f6kalut OyF\u00f6retaget &nbsp; Industriverktyg IDG-Tools AB startades i Sverige h\u00f6sten 1996 och f\u00f6ljande \u00e5r startade Suomen Teollisuusty\u00f6kalut Oy Ab i Finland och har idag ca 100 s\u00e4ljare, alla s\u00e4ljare \u00e4r utrustade med utst\u00e4llningsbussar. F\u00f6retaget \u00e4r starkt och vi v\u00e4xer fortfarande. Idag finns Industriverktyg i Sverige, Finland, Norge och Polen. Logistikcentrum f\u00f6r alla l\u00e4nder ligger [&hellip;]<\/p>\n","protected":false},"author":1,"featured_media":0,"parent":0,"menu_order":0,"comment_status":"closed","ping_status":"closed","template":"","meta":{"_et_pb_use_builder":"on","_et_pb_old_content":"","_et_gb_content_width":"","footnotes":""},"class_list":["post-788","page","type-page","status-publish","hentry"],"_links":{"self":[{"href":"https:\/\/teollisuustyokalut.fi\/sv\/wp-json\/wp\/v2\/pages\/788","targetHints":{"allow":["GET"]}}],"collection":[{"href":"https:\/\/teollisuustyokalut.fi\/sv\/wp-json\/wp\/v2\/pages"}],"about":[{"href":"https:\/\/teollisuustyokalut.fi\/sv\/wp-json\/wp\/v2\/types\/page"}],"author":[{"embeddable":true,"href":"https:\/\/teollisuustyokalut.fi\/sv\/wp-json\/wp\/v2\/users\/1"}],"replies":[{"embeddable":true,"href":"https:\/\/teollisuustyokalut.fi\/sv\/wp-json\/wp\/v2\/comments?post=788"}],"version-history":[{"count":13,"href":"https:\/\/teollisuustyokalut.fi\/sv\/wp-json\/wp\/v2\/pages\/788\/revisions"}],"predecessor-version":[{"id":1066,"href":"https:\/\/teollisuustyokalut.fi\/sv\/wp-json\/wp\/v2\/pages\/788\/revisions\/1066"}],"wp:attachment":[{"href":"https:\/\/teollisuustyokalut.fi\/sv\/wp-json\/wp\/v2\/media?parent=788"}],"curies":[{"name":"wp","href":"https:\/\/api.w.org\/{rel}","templated":true}]}}